{"id":82,"date":"2019-07-09T11:51:47","date_gmt":"2019-07-09T09:51:47","guid":{"rendered":"http:\/\/mas-imprevu.fr\/?page_id=82"},"modified":"2025-12-12T19:25:58","modified_gmt":"2025-12-12T18:25:58","slug":"astuces","status":"publish","type":"page","link":"https:\/\/mas-imprevu.fr\/index.php\/astuces\/","title":{"rendered":"Astuces"},"content":{"rendered":"\n<h2 class=\"wp-block-heading\">Olive verte : d\u00e9sam\u00e9risation et rin\u00e7age <\/h2>\n\n\n\n<p>L&#8217;olive verte est immangeable telle quelle. Elle doit \u00eatres d\u00e9barrass\u00e9e de son amertume dans un bain de soude de 1.5 \u00e0  2 % le plus vite possible apr\u00e8s r\u00e9colte. A temp\u00e9rature ambiante, le temps de trempage ne doit pas exc\u00e9der 24 heures.On passe ensuite au rin\u00e7age  des fruits dans plusieurs bains successifs de 4 \u00e0 12 heures chacun.<br>Les olives sont ensuite immerg\u00e9s dans une saumure (70 g de sel pour 1 litres d&#8217;eau). une fermentation lactique va se produire et acidifier le liquide. 1 semaine apr\u00e8s les olives seront pr\u00eatent \u00e0 \u00eatre consomm\u00e9es.<\/p>\n\n\n\n<h2 class=\"wp-block-heading\">Les bienfaits de l&#8217;huile<\/h2>\n\n\n\n<p>Une huile d\u2019olive est obtenue uniquement avec des olives\u00a0: c\u2019est un pur jus de fruit aux nombreuses qualit\u00e9s nutritionnelles et di\u00e9t\u00e9tiques.<br>C\u2019est un produit naturel obtenu uniquement par un proc\u00e9d\u00e9 m\u00e9canique, sans utilisation de produits chimiques, sans chauffer.\u00a0Si les di\u00e9t\u00e9ticiens pr\u00e9conisent l\u2019utilisation de l\u2019huile d\u2019olive, ce n\u2019est pas sans arguments.<\/p>\n\n\n\n<p>Cuite ou dans nos salades, l\u2019huile d\u2019olive reste le corps gras le plus \u00e9quilibr\u00e9 et ses qualit\u00e9s di\u00e9t\u00e9tiques ont \u00e9t\u00e9 remarqu\u00e9es depuis longtemps en Cr\u00eate !<\/p>\n\n\n\n<p>Sachez que l\u2019huile d\u2019olive r\u00e9siste jusqu\u2019\u00e0 207\u00b0C (point de fum\u00e9e) tout en pr\u00e9servant ses b\u00e9n\u00e9fices pour la sant\u00e9. C\u2019est le seul corps gras qui peut monter \u00e0 si haute temp\u00e9rature sans se d\u00e9grader.<\/p>\n\n\n\n<h2 class=\"wp-block-heading\">La conservation<\/h2>\n\n\n\n<p>Il existe des pr\u00e9cautions \u00e0 prendre pour garder sa saveur intacte, et notamment limiter les trois principaux  facteurs&nbsp;de d\u00e9gradation : <strong>air<\/strong>, <strong>lumi\u00e8re<\/strong> et <strong>chaleur<\/strong>.<\/p>\n\n\n\n<ul class=\"wp-block-list\">\n<li>bien la garder \u00e0 l\u2019abri de l\u2019air (r\u00e9cipient bien bouch\u00e9), qui peut entrainer le rancissement,<\/li>\n\n\n\n<li>bien la garder \u00e0 l\u2019abri de la lumi\u00e8re en la stockant dans le noir,<\/li>\n\n\n\n<li>bien la garder \u00e0 l\u2019abri de la chaleur, un endroit frais est l&#8217;id\u00e9al,<\/li>\n\n\n\n<li>et \u00e9viter aussi de m\u00e9langer une huile d\u2019olive avec une plus ancienne qui se trouve dans un huilier de table par exemple. Cela provoque  souvent des odeurs et go\u00fbts de rance. D\u2019o\u00f9 l\u2019obligation de parfaitement nettoyer et s\u00e9cher un flacon ayant d\u00e9j\u00e0 contenu de l\u2019huile.<\/li>\n<\/ul>\n\n\n\n<p>Ces conditions permettent une conservation optimale de 18 mois environ avant ouverture et 6 mois apr\u00e8s ouverture.<\/p>\n","protected":false},"excerpt":{"rendered":"<p>Olive verte : d\u00e9sam\u00e9risation et rin\u00e7age L&#8217;olive verte est immangeable telle quelle. Elle doit \u00eatres d\u00e9barrass\u00e9e de son amertume dans un bain de soude de 1.5 \u00e0 2 % le plus vite possible apr\u00e8s r\u00e9colte. A temp\u00e9rature ambiante, le temps de trempage ne doit pas exc\u00e9der 24 heures.On passe ensuite au rin\u00e7age des fruits dans&hellip; <br \/> <a class=\"button small blue\" href=\"https:\/\/mas-imprevu.fr\/index.php\/astuces\/\">Read more<\/a><\/p>\n","protected":false},"author":1,"featured_media":0,"parent":0,"menu_order":0,"comment_status":"closed","ping_status":"closed","template":"","meta":{"footnotes":""},"class_list":["post-82","page","type-page","status-publish","hentry"],"yoast_head":"<!-- This site is optimized with the Yoast SEO plugin v27.5 - https:\/\/yoast.com\/product\/yoast-seo-wordpress\/ -->\n<title>Astuces &#060; Mas l&#039;Impr\u00e9vu<\/title>\n<meta name=\"robots\" content=\"index, follow, max-snippet:-1, max-image-preview:large, max-video-preview:-1\" \/>\n<link rel=\"canonical\" href=\"https:\/\/mas-imprevu.fr\/index.php\/astuces\/\" \/>\n<meta property=\"og:locale\" content=\"en_US\" \/>\n<meta property=\"og:type\" content=\"article\" \/>\n<meta property=\"og:title\" content=\"Astuces &#060; Mas l&#039;Impr\u00e9vu\" \/>\n<meta property=\"og:description\" content=\"Olive verte : d\u00e9sam\u00e9risation et rin\u00e7age L&#8217;olive verte est immangeable telle quelle. Elle doit \u00eatres d\u00e9barrass\u00e9e de son amertume dans un bain de soude de 1.5 \u00e0 2 % le plus vite possible apr\u00e8s r\u00e9colte. A temp\u00e9rature ambiante, le temps de trempage ne doit pas exc\u00e9der 24 heures.On passe ensuite au rin\u00e7age des fruits dans&hellip; Read more\" \/>\n<meta property=\"og:url\" content=\"https:\/\/mas-imprevu.fr\/index.php\/astuces\/\" \/>\n<meta property=\"og:site_name\" content=\"Mas l&#039;Impr\u00e9vu\" \/>\n<meta property=\"article:modified_time\" content=\"2025-12-12T18:25:58+00:00\" \/>\n<meta name=\"twitter:card\" content=\"summary_large_image\" \/>\n<meta name=\"twitter:label1\" content=\"Est. reading time\" \/>\n\t<meta name=\"twitter:data1\" content=\"2 minutes\" \/>\n<script type=\"application\/ld+json\" class=\"yoast-schema-graph\">{\"@context\":\"https:\\\/\\\/schema.org\",\"@graph\":[{\"@type\":\"WebPage\",\"@id\":\"https:\\\/\\\/mas-imprevu.fr\\\/index.php\\\/astuces\\\/\",\"url\":\"https:\\\/\\\/mas-imprevu.fr\\\/index.php\\\/astuces\\\/\",\"name\":\"Astuces &#060; Mas l&#039;Impr\u00e9vu\",\"isPartOf\":{\"@id\":\"https:\\\/\\\/mas-imprevu.fr\\\/#website\"},\"datePublished\":\"2019-07-09T09:51:47+00:00\",\"dateModified\":\"2025-12-12T18:25:58+00:00\",\"breadcrumb\":{\"@id\":\"https:\\\/\\\/mas-imprevu.fr\\\/index.php\\\/astuces\\\/#breadcrumb\"},\"inLanguage\":\"en-US\",\"potentialAction\":[{\"@type\":\"ReadAction\",\"target\":[\"https:\\\/\\\/mas-imprevu.fr\\\/index.php\\\/astuces\\\/\"]}]},{\"@type\":\"BreadcrumbList\",\"@id\":\"https:\\\/\\\/mas-imprevu.fr\\\/index.php\\\/astuces\\\/#breadcrumb\",\"itemListElement\":[{\"@type\":\"ListItem\",\"position\":1,\"name\":\"Accueil\",\"item\":\"https:\\\/\\\/mas-imprevu.fr\\\/\"},{\"@type\":\"ListItem\",\"position\":2,\"name\":\"Astuces\"}]},{\"@type\":\"WebSite\",\"@id\":\"https:\\\/\\\/mas-imprevu.fr\\\/#website\",\"url\":\"https:\\\/\\\/mas-imprevu.fr\\\/\",\"name\":\"Mas l'Impr\u00e9vu - Producteur d'huile d'olive\",\"description\":\"Producteur d&#039;huile d&#039;olive\",\"potentialAction\":[{\"@type\":\"SearchAction\",\"target\":{\"@type\":\"EntryPoint\",\"urlTemplate\":\"https:\\\/\\\/mas-imprevu.fr\\\/?s={search_term_string}\"},\"query-input\":{\"@type\":\"PropertyValueSpecification\",\"valueRequired\":true,\"valueName\":\"search_term_string\"}}],\"inLanguage\":\"en-US\"}]}<\/script>\n<!-- \/ Yoast SEO plugin. -->","yoast_head_json":{"title":"Astuces &#060; Mas l&#039;Impr\u00e9vu","robots":{"index":"index","follow":"follow","max-snippet":"max-snippet:-1","max-image-preview":"max-image-preview:large","max-video-preview":"max-video-preview:-1"},"canonical":"https:\/\/mas-imprevu.fr\/index.php\/astuces\/","og_locale":"en_US","og_type":"article","og_title":"Astuces &#060; Mas l&#039;Impr\u00e9vu","og_description":"Olive verte : d\u00e9sam\u00e9risation et rin\u00e7age L&#8217;olive verte est immangeable telle quelle. Elle doit \u00eatres d\u00e9barrass\u00e9e de son amertume dans un bain de soude de 1.5 \u00e0 2 % le plus vite possible apr\u00e8s r\u00e9colte. A temp\u00e9rature ambiante, le temps de trempage ne doit pas exc\u00e9der 24 heures.On passe ensuite au rin\u00e7age des fruits dans&hellip; Read more","og_url":"https:\/\/mas-imprevu.fr\/index.php\/astuces\/","og_site_name":"Mas l&#039;Impr\u00e9vu","article_modified_time":"2025-12-12T18:25:58+00:00","twitter_card":"summary_large_image","twitter_misc":{"Est. reading time":"2 minutes"},"schema":{"@context":"https:\/\/schema.org","@graph":[{"@type":"WebPage","@id":"https:\/\/mas-imprevu.fr\/index.php\/astuces\/","url":"https:\/\/mas-imprevu.fr\/index.php\/astuces\/","name":"Astuces &#060; Mas l&#039;Impr\u00e9vu","isPartOf":{"@id":"https:\/\/mas-imprevu.fr\/#website"},"datePublished":"2019-07-09T09:51:47+00:00","dateModified":"2025-12-12T18:25:58+00:00","breadcrumb":{"@id":"https:\/\/mas-imprevu.fr\/index.php\/astuces\/#breadcrumb"},"inLanguage":"en-US","potentialAction":[{"@type":"ReadAction","target":["https:\/\/mas-imprevu.fr\/index.php\/astuces\/"]}]},{"@type":"BreadcrumbList","@id":"https:\/\/mas-imprevu.fr\/index.php\/astuces\/#breadcrumb","itemListElement":[{"@type":"ListItem","position":1,"name":"Accueil","item":"https:\/\/mas-imprevu.fr\/"},{"@type":"ListItem","position":2,"name":"Astuces"}]},{"@type":"WebSite","@id":"https:\/\/mas-imprevu.fr\/#website","url":"https:\/\/mas-imprevu.fr\/","name":"Mas l'Impr\u00e9vu - Producteur d'huile d'olive","description":"Producteur d&#039;huile d&#039;olive","potentialAction":[{"@type":"SearchAction","target":{"@type":"EntryPoint","urlTemplate":"https:\/\/mas-imprevu.fr\/?s={search_term_string}"},"query-input":{"@type":"PropertyValueSpecification","valueRequired":true,"valueName":"search_term_string"}}],"inLanguage":"en-US"}]}},"_links":{"self":[{"href":"https:\/\/mas-imprevu.fr\/index.php\/wp-json\/wp\/v2\/pages\/82","targetHints":{"allow":["GET"]}}],"collection":[{"href":"https:\/\/mas-imprevu.fr\/index.php\/wp-json\/wp\/v2\/pages"}],"about":[{"href":"https:\/\/mas-imprevu.fr\/index.php\/wp-json\/wp\/v2\/types\/page"}],"author":[{"embeddable":true,"href":"https:\/\/mas-imprevu.fr\/index.php\/wp-json\/wp\/v2\/users\/1"}],"replies":[{"embeddable":true,"href":"https:\/\/mas-imprevu.fr\/index.php\/wp-json\/wp\/v2\/comments?post=82"}],"version-history":[{"count":9,"href":"https:\/\/mas-imprevu.fr\/index.php\/wp-json\/wp\/v2\/pages\/82\/revisions"}],"predecessor-version":[{"id":536,"href":"https:\/\/mas-imprevu.fr\/index.php\/wp-json\/wp\/v2\/pages\/82\/revisions\/536"}],"wp:attachment":[{"href":"https:\/\/mas-imprevu.fr\/index.php\/wp-json\/wp\/v2\/media?parent=82"}],"curies":[{"name":"wp","href":"https:\/\/api.w.org\/{rel}","templated":true}]}}