{"id":571,"date":"2025-12-12T21:57:23","date_gmt":"2025-12-12T20:57:23","guid":{"rendered":"https:\/\/mas-imprevu.fr\/?page_id=571"},"modified":"2025-12-12T23:00:17","modified_gmt":"2025-12-12T22:00:17","slug":"lhuile-dolive","status":"publish","type":"page","link":"https:\/\/mas-imprevu.fr\/index.php\/lhuile-dolive\/","title":{"rendered":"L\u2019huile d\u2019olive"},"content":{"rendered":"\n<p class=\"has-black-color has-text-color has-link-color wp-elements-a330d2e45ab4882f2c871fa0f3a0fbb3\">Cette huile est tellement c\u00e9l\u00e8bre que nous lui devons l\u2019\u00e9tymologie des huiles. En effet, le terme \u00ab <strong>Oleum<\/strong> \u00bb, d\u00e9signant l\u2019\u00ab<strong>huile<\/strong>\u00bb en g\u00e9n\u00e9ral, tire son origine du mot \u00ab olive \u00bb (le fruit).<\/p>\n\n\n\n<div class=\"wp-block-media-text is-stacked-on-mobile\" style=\"grid-template-columns:15% auto\"><figure class=\"wp-block-media-text__media\"><img loading=\"lazy\" decoding=\"async\" width=\"150\" height=\"150\" src=\"https:\/\/mas-imprevu.fr\/wp-content\/uploads\/2019\/07\/huile-150x150.jpg\" alt=\"\" class=\"wp-image-183 size-thumbnail\"\/><\/figure><div class=\"wp-block-media-text__content\">\n<p class=\"has-black-color has-text-color has-link-color wp-elements-6c77eec574ef36cbf219f214b52b22f8\">Depuis les ann\u00e9es 80, la course \u00e0 la productivit\u00e9 a abouti \u00e0 une perte importante des saveurs d\u2019antan, jusqu\u2019\u00e0 obtenir des go\u00fbts standards et commerciaux. Il existe 4 types d\u2019appellation courantes dans le commerce :<\/p>\n\n\n\n<p class=\"has-black-color has-text-color has-link-color wp-elements-68eebb017653cc92db525606d44601d8\">\u2013 L\u2019huile de grignon : huile de raffinage \u00e0 partir des r\u00e9sidus apr\u00e8s extraction de l\u2019huile.<br>\u2013 L\u2019huile d\u2019olive : m\u00e9lange d\u2019huile raffin\u00e9 (industrielle) et de vierge,<br>\u2013 L\u2019huile d\u2019olive vierge : son taux d\u2019acidit\u00e9 est inf\u00e9rieur ou \u00e9gal \u00e0 2%,<br>\u2013 L\u2019<strong>huile d\u2019olive<\/strong> <strong>vierge<\/strong> <strong>extra<\/strong>&nbsp;: son taux d\u2019acidit\u00e9 est inf\u00e9rieur \u00e0 0,8%.<\/p>\n<\/div><\/div>\n\n\n\n<p><\/p>\n\n\n\n<p class=\"has-black-color has-text-color has-link-color wp-elements-969b92a45dd67068aebbffddf57614e1\">Le <strong>taux acidit\u00e9<\/strong> refl\u00e8te l\u2019\u00e9tat de <strong>d\u00e9gradation<\/strong> de la mati\u00e8re grasse de l\u2019huile d\u2019olive qui est constitu\u00e9e de triglyc\u00e9rides. Les triglyc\u00e9rides sont compos\u00e9s de trois acides gras \u00ab&nbsp;coll\u00e9s&nbsp;\u00bb ensemble. Lorsque les triglyc\u00e9rides sont d\u00e9grad\u00e9s, ses acides gras se d\u00e9tachent et errent librement dans l\u2019huile : ce sont alors des acides gras \u00ab libres \u00bb. Les acides gras libres ont tr\u00e8s peu d\u2019int\u00e9r\u00eat pour la sant\u00e9 compar\u00e9s aux triglyc\u00e9rides.<\/p>\n\n\n\n<p>Une huile dont <strong>le taux d\u2019acidit\u00e9 <\/strong>\u00e9lev\u00e9 signifie qu\u2019elle est constitu\u00e9e essentiellement d\u2019acides gras <strong>d\u00e9grad\u00e9s<\/strong>, sous forme libre. A l\u2019inverse, un <strong>taux faible<\/strong> signifie que l\u2019huile est <strong>riche<\/strong> en <strong>Om\u00e9ga-9<\/strong> sous forme de triglyc\u00e9rides, plus int\u00e9ressants pour la <strong>sant\u00e9 <\/strong>et pour le <strong>go\u00fb<\/strong>t.<\/p>\n\n\n\n<p class=\"has-black-color has-text-color has-link-color wp-elements-f9b4aea03920a8896131ac1e2ac1483a\">Voil\u00e0 pourquoi, les huiles d\u2019olive vierges sont obtenues \u00e0 partir des olives par des proc\u00e9d\u00e9s n\u2019utilisant aucun traitement chimique et \u00e0 des temp\u00e9ratures basses qui n\u2019alt\u00e8rent pas les propri\u00e9t\u00e9s du fruit.<\/p>\n","protected":false},"excerpt":{"rendered":"<p>Cette huile est tellement c\u00e9l\u00e8bre que nous lui devons l\u2019\u00e9tymologie des huiles. En effet, le terme \u00ab Oleum \u00bb, d\u00e9signant l\u2019\u00abhuile\u00bb en g\u00e9n\u00e9ral, tire son origine du mot \u00ab olive \u00bb (le fruit). Depuis les ann\u00e9es 80, la course \u00e0 la productivit\u00e9 a abouti \u00e0 une perte importante des saveurs d\u2019antan, jusqu\u2019\u00e0 obtenir des go\u00fbts&hellip; <br \/> <a class=\"button small blue\" href=\"https:\/\/mas-imprevu.fr\/index.php\/lhuile-dolive\/\">Read more<\/a><\/p>\n","protected":false},"author":1,"featured_media":0,"parent":0,"menu_order":0,"comment_status":"closed","ping_status":"closed","template":"","meta":{"footnotes":""},"class_list":["post-571","page","type-page","status-publish","hentry"],"yoast_head":"<!-- This site is optimized with the Yoast SEO plugin v27.5 - https:\/\/yoast.com\/product\/yoast-seo-wordpress\/ -->\n<title>L\u2019huile d\u2019olive &#060; Mas l&#039;Impr\u00e9vu<\/title>\n<meta name=\"robots\" content=\"index, follow, max-snippet:-1, max-image-preview:large, max-video-preview:-1\" \/>\n<link rel=\"canonical\" href=\"https:\/\/mas-imprevu.fr\/index.php\/lhuile-dolive\/\" \/>\n<meta property=\"og:locale\" content=\"en_US\" \/>\n<meta property=\"og:type\" content=\"article\" \/>\n<meta property=\"og:title\" content=\"L\u2019huile d\u2019olive &#060; Mas l&#039;Impr\u00e9vu\" \/>\n<meta property=\"og:description\" content=\"Cette huile est tellement c\u00e9l\u00e8bre que nous lui devons l\u2019\u00e9tymologie des huiles. En effet, le terme \u00ab Oleum \u00bb, d\u00e9signant l\u2019\u00abhuile\u00bb en g\u00e9n\u00e9ral, tire son origine du mot \u00ab olive \u00bb (le fruit). Depuis les ann\u00e9es 80, la course \u00e0 la productivit\u00e9 a abouti \u00e0 une perte importante des saveurs d\u2019antan, jusqu\u2019\u00e0 obtenir des go\u00fbts&hellip; Read more\" \/>\n<meta property=\"og:url\" content=\"https:\/\/mas-imprevu.fr\/index.php\/lhuile-dolive\/\" \/>\n<meta property=\"og:site_name\" content=\"Mas l&#039;Impr\u00e9vu\" \/>\n<meta property=\"article:modified_time\" content=\"2025-12-12T22:00:17+00:00\" \/>\n<meta property=\"og:image\" content=\"https:\/\/mas-imprevu.fr\/wp-content\/uploads\/2019\/07\/huile.jpg\" \/>\n\t<meta property=\"og:image:width\" content=\"220\" \/>\n\t<meta property=\"og:image:height\" content=\"330\" \/>\n\t<meta property=\"og:image:type\" content=\"image\/jpeg\" \/>\n<meta name=\"twitter:card\" content=\"summary_large_image\" \/>\n<meta name=\"twitter:label1\" content=\"Est. reading time\" \/>\n\t<meta name=\"twitter:data1\" content=\"2 minutes\" \/>\n<script type=\"application\/ld+json\" class=\"yoast-schema-graph\">{\"@context\":\"https:\\\/\\\/schema.org\",\"@graph\":[{\"@type\":\"WebPage\",\"@id\":\"https:\\\/\\\/mas-imprevu.fr\\\/index.php\\\/lhuile-dolive\\\/\",\"url\":\"https:\\\/\\\/mas-imprevu.fr\\\/index.php\\\/lhuile-dolive\\\/\",\"name\":\"L\u2019huile d\u2019olive &#060; Mas l&#039;Impr\u00e9vu\",\"isPartOf\":{\"@id\":\"https:\\\/\\\/mas-imprevu.fr\\\/#website\"},\"primaryImageOfPage\":{\"@id\":\"https:\\\/\\\/mas-imprevu.fr\\\/index.php\\\/lhuile-dolive\\\/#primaryimage\"},\"image\":{\"@id\":\"https:\\\/\\\/mas-imprevu.fr\\\/index.php\\\/lhuile-dolive\\\/#primaryimage\"},\"thumbnailUrl\":\"https:\\\/\\\/mas-imprevu.fr\\\/wp-content\\\/uploads\\\/2019\\\/07\\\/huile-150x150.jpg\",\"datePublished\":\"2025-12-12T20:57:23+00:00\",\"dateModified\":\"2025-12-12T22:00:17+00:00\",\"breadcrumb\":{\"@id\":\"https:\\\/\\\/mas-imprevu.fr\\\/index.php\\\/lhuile-dolive\\\/#breadcrumb\"},\"inLanguage\":\"en-US\",\"potentialAction\":[{\"@type\":\"ReadAction\",\"target\":[\"https:\\\/\\\/mas-imprevu.fr\\\/index.php\\\/lhuile-dolive\\\/\"]}]},{\"@type\":\"ImageObject\",\"inLanguage\":\"en-US\",\"@id\":\"https:\\\/\\\/mas-imprevu.fr\\\/index.php\\\/lhuile-dolive\\\/#primaryimage\",\"url\":\"https:\\\/\\\/mas-imprevu.fr\\\/wp-content\\\/uploads\\\/2019\\\/07\\\/huile.jpg\",\"contentUrl\":\"https:\\\/\\\/mas-imprevu.fr\\\/wp-content\\\/uploads\\\/2019\\\/07\\\/huile.jpg\",\"width\":220,\"height\":330},{\"@type\":\"BreadcrumbList\",\"@id\":\"https:\\\/\\\/mas-imprevu.fr\\\/index.php\\\/lhuile-dolive\\\/#breadcrumb\",\"itemListElement\":[{\"@type\":\"ListItem\",\"position\":1,\"name\":\"Accueil\",\"item\":\"https:\\\/\\\/mas-imprevu.fr\\\/\"},{\"@type\":\"ListItem\",\"position\":2,\"name\":\"L\u2019huile d\u2019olive\"}]},{\"@type\":\"WebSite\",\"@id\":\"https:\\\/\\\/mas-imprevu.fr\\\/#website\",\"url\":\"https:\\\/\\\/mas-imprevu.fr\\\/\",\"name\":\"Mas l'Impr\u00e9vu - Producteur d'huile d'olive\",\"description\":\"Producteur d&#039;huile d&#039;olive\",\"potentialAction\":[{\"@type\":\"SearchAction\",\"target\":{\"@type\":\"EntryPoint\",\"urlTemplate\":\"https:\\\/\\\/mas-imprevu.fr\\\/?s={search_term_string}\"},\"query-input\":{\"@type\":\"PropertyValueSpecification\",\"valueRequired\":true,\"valueName\":\"search_term_string\"}}],\"inLanguage\":\"en-US\"}]}<\/script>\n<!-- \/ Yoast SEO plugin. -->","yoast_head_json":{"title":"L\u2019huile d\u2019olive &#060; Mas l&#039;Impr\u00e9vu","robots":{"index":"index","follow":"follow","max-snippet":"max-snippet:-1","max-image-preview":"max-image-preview:large","max-video-preview":"max-video-preview:-1"},"canonical":"https:\/\/mas-imprevu.fr\/index.php\/lhuile-dolive\/","og_locale":"en_US","og_type":"article","og_title":"L\u2019huile d\u2019olive &#060; Mas l&#039;Impr\u00e9vu","og_description":"Cette huile est tellement c\u00e9l\u00e8bre que nous lui devons l\u2019\u00e9tymologie des huiles. En effet, le terme \u00ab Oleum \u00bb, d\u00e9signant l\u2019\u00abhuile\u00bb en g\u00e9n\u00e9ral, tire son origine du mot \u00ab olive \u00bb (le fruit). Depuis les ann\u00e9es 80, la course \u00e0 la productivit\u00e9 a abouti \u00e0 une perte importante des saveurs d\u2019antan, jusqu\u2019\u00e0 obtenir des go\u00fbts&hellip; Read more","og_url":"https:\/\/mas-imprevu.fr\/index.php\/lhuile-dolive\/","og_site_name":"Mas l&#039;Impr\u00e9vu","article_modified_time":"2025-12-12T22:00:17+00:00","og_image":[{"width":220,"height":330,"url":"https:\/\/mas-imprevu.fr\/wp-content\/uploads\/2019\/07\/huile.jpg","type":"image\/jpeg"}],"twitter_card":"summary_large_image","twitter_misc":{"Est. reading time":"2 minutes"},"schema":{"@context":"https:\/\/schema.org","@graph":[{"@type":"WebPage","@id":"https:\/\/mas-imprevu.fr\/index.php\/lhuile-dolive\/","url":"https:\/\/mas-imprevu.fr\/index.php\/lhuile-dolive\/","name":"L\u2019huile d\u2019olive &#060; Mas l&#039;Impr\u00e9vu","isPartOf":{"@id":"https:\/\/mas-imprevu.fr\/#website"},"primaryImageOfPage":{"@id":"https:\/\/mas-imprevu.fr\/index.php\/lhuile-dolive\/#primaryimage"},"image":{"@id":"https:\/\/mas-imprevu.fr\/index.php\/lhuile-dolive\/#primaryimage"},"thumbnailUrl":"https:\/\/mas-imprevu.fr\/wp-content\/uploads\/2019\/07\/huile-150x150.jpg","datePublished":"2025-12-12T20:57:23+00:00","dateModified":"2025-12-12T22:00:17+00:00","breadcrumb":{"@id":"https:\/\/mas-imprevu.fr\/index.php\/lhuile-dolive\/#breadcrumb"},"inLanguage":"en-US","potentialAction":[{"@type":"ReadAction","target":["https:\/\/mas-imprevu.fr\/index.php\/lhuile-dolive\/"]}]},{"@type":"ImageObject","inLanguage":"en-US","@id":"https:\/\/mas-imprevu.fr\/index.php\/lhuile-dolive\/#primaryimage","url":"https:\/\/mas-imprevu.fr\/wp-content\/uploads\/2019\/07\/huile.jpg","contentUrl":"https:\/\/mas-imprevu.fr\/wp-content\/uploads\/2019\/07\/huile.jpg","width":220,"height":330},{"@type":"BreadcrumbList","@id":"https:\/\/mas-imprevu.fr\/index.php\/lhuile-dolive\/#breadcrumb","itemListElement":[{"@type":"ListItem","position":1,"name":"Accueil","item":"https:\/\/mas-imprevu.fr\/"},{"@type":"ListItem","position":2,"name":"L\u2019huile d\u2019olive"}]},{"@type":"WebSite","@id":"https:\/\/mas-imprevu.fr\/#website","url":"https:\/\/mas-imprevu.fr\/","name":"Mas l'Impr\u00e9vu - Producteur d'huile d'olive","description":"Producteur d&#039;huile d&#039;olive","potentialAction":[{"@type":"SearchAction","target":{"@type":"EntryPoint","urlTemplate":"https:\/\/mas-imprevu.fr\/?s={search_term_string}"},"query-input":{"@type":"PropertyValueSpecification","valueRequired":true,"valueName":"search_term_string"}}],"inLanguage":"en-US"}]}},"_links":{"self":[{"href":"https:\/\/mas-imprevu.fr\/index.php\/wp-json\/wp\/v2\/pages\/571","targetHints":{"allow":["GET"]}}],"collection":[{"href":"https:\/\/mas-imprevu.fr\/index.php\/wp-json\/wp\/v2\/pages"}],"about":[{"href":"https:\/\/mas-imprevu.fr\/index.php\/wp-json\/wp\/v2\/types\/page"}],"author":[{"embeddable":true,"href":"https:\/\/mas-imprevu.fr\/index.php\/wp-json\/wp\/v2\/users\/1"}],"replies":[{"embeddable":true,"href":"https:\/\/mas-imprevu.fr\/index.php\/wp-json\/wp\/v2\/comments?post=571"}],"version-history":[{"count":7,"href":"https:\/\/mas-imprevu.fr\/index.php\/wp-json\/wp\/v2\/pages\/571\/revisions"}],"predecessor-version":[{"id":592,"href":"https:\/\/mas-imprevu.fr\/index.php\/wp-json\/wp\/v2\/pages\/571\/revisions\/592"}],"wp:attachment":[{"href":"https:\/\/mas-imprevu.fr\/index.php\/wp-json\/wp\/v2\/media?parent=571"}],"curies":[{"name":"wp","href":"https:\/\/api.w.org\/{rel}","templated":true}]}}