{"id":34,"date":"2019-07-08T12:48:48","date_gmt":"2019-07-08T10:48:48","guid":{"rendered":"http:\/\/mas-imprevu.fr\/?page_id=34"},"modified":"2025-12-12T21:17:22","modified_gmt":"2025-12-12T20:17:22","slug":"producteur-dhuile-dolive-herault","status":"publish","type":"page","link":"https:\/\/mas-imprevu.fr\/","title":{"rendered":"Le Mas"},"content":{"rendered":"\n<p>Situ\u00e9 au nord-ouest de Montpellier dans l&#8217;H\u00e9rault, le Mas l\u2019Impr\u00e9vu est un petit domaine familial situ\u00e9 au c\u0153ur des Terrasses du Larzac sur la <a aria-label=\"commune de Jonqui\u00e8res (s\u2019ouvre dans un nouvel onglet)\" href=\"http:\/\/www.jonquieres34.fr\/\" target=\"_blank\" rel=\"noreferrer noopener\">commune de Jonqui\u00e8res<\/a>, un terroir d\u2019exception alliant la g\u00e9n\u00e9rosit\u00e9 chaleureuse du Languedoc \u00e0 la fra\u00eecheur qui descend du plateau montagneux du Larzac.<\/p>\n\n\n\n<p>La propri\u00e9t\u00e9 a \u00e9t\u00e9 acquise par notre a\u00efeul qui est venu s\u2019installer en France d\u00e9but 1900. L&#8217;activit\u00e9 du Mas reposait alors sur une production c\u00e9r\u00e9ali\u00e8re. D&#8217;origine ib\u00e9rique, Joseph diversifia les cultures en d\u00e9veloppant le vignoble, mais aussi en plantant des agrumes, des oliviers. En 2014, nous avons achet\u00e9 le domaine \u00e0 la famille.<\/p>\n\n\n\n<div class=\"wp-block-group\"><div class=\"wp-block-group__inner-container is-layout-constrained wp-block-group-is-layout-constrained\">\n<div class=\"wp-block-media-text is-stacked-on-mobile is-vertically-aligned-center has-black-color has-text-color has-link-color wp-elements-c9de88337eddbac3eeea15aed15723f9\" style=\"grid-template-columns:22% auto\"><figure class=\"wp-block-media-text__media\"><img loading=\"lazy\" decoding=\"async\" width=\"300\" height=\"225\" src=\"https:\/\/mas-imprevu.fr\/wp-content\/uploads\/2019\/07\/P4191289_178-300x225.jpg\" alt=\"\" class=\"wp-image-124 size-medium\" srcset=\"https:\/\/mas-imprevu.fr\/wp-content\/uploads\/2019\/07\/P4191289_178-300x225.jpg 300w, https:\/\/mas-imprevu.fr\/wp-content\/uploads\/2019\/07\/P4191289_178-768x576.jpg 768w, https:\/\/mas-imprevu.fr\/wp-content\/uploads\/2019\/07\/P4191289_178.jpg 1000w\" sizes=\"auto, (max-width: 300px) 100vw, 300px\" \/><\/figure><div class=\"wp-block-media-text__content\">\n<p>Tr\u00e8s vite l\u2019id\u00e9e de b\u00e2tir un projet autour de l\u2019olivier est n\u00e9, notamment gr\u00e2ce \u00e0 la pr\u00e9sence respectable de centenaires d\u00e9j\u00e0 implant\u00e9s qui r\u00e9pondaient aux besoins en huile de l&#8217;\u00e9poque.<br>Rassur\u00e9s d\u2019apprendre que l\u2019olivier est immortel, le choix est fait de restructurer les vergers compos\u00e9s de vari\u00e9t\u00e9s adapt\u00e9es \u00e0 notre terroir : olivi\u00e8re, picholine, clermontoise de l&#8217;H\u00e9rault.<\/p>\n\n\n\n<p>Nous sommes passionn\u00e9s par l\u2019ol\u00e9iculture et souhaitons la partager au travers de produits de qualit\u00e9.<\/p>\n<\/div><\/div>\n\n\n\n<p><br><br><\/p>\n<\/div><\/div>\n\n\n\n<p><\/p>\n","protected":false},"excerpt":{"rendered":"<p>Situ\u00e9 au nord-ouest de Montpellier dans l&#8217;H\u00e9rault, le Mas l\u2019Impr\u00e9vu est un petit domaine familial situ\u00e9 au c\u0153ur des Terrasses du Larzac sur la commune de Jonqui\u00e8res, un terroir d\u2019exception alliant la g\u00e9n\u00e9rosit\u00e9 chaleureuse du Languedoc \u00e0 la fra\u00eecheur qui descend du plateau montagneux du Larzac. La propri\u00e9t\u00e9 a \u00e9t\u00e9 acquise par notre a\u00efeul qui&hellip; <br \/> <a class=\"button small blue\" href=\"https:\/\/mas-imprevu.fr\/\">Read more<\/a><\/p>\n","protected":false},"author":1,"featured_media":0,"parent":0,"menu_order":0,"comment_status":"closed","ping_status":"closed","template":"","meta":{"footnotes":""},"class_list":["post-34","page","type-page","status-publish","hentry"],"yoast_head":"<!-- This site is optimized with the Yoast SEO plugin v27.3 - https:\/\/yoast.com\/product\/yoast-seo-wordpress\/ -->\n<title>Le Mas &#060; Mas l&#039;Impr\u00e9vu<\/title>\n<meta name=\"robots\" content=\"index, follow, max-snippet:-1, max-image-preview:large, max-video-preview:-1\" \/>\n<link rel=\"canonical\" href=\"https:\/\/mas-imprevu.fr\/\" \/>\n<meta property=\"og:locale\" content=\"en_US\" \/>\n<meta property=\"og:type\" content=\"article\" \/>\n<meta property=\"og:title\" content=\"Le Mas &#060; Mas l&#039;Impr\u00e9vu\" \/>\n<meta property=\"og:description\" content=\"Situ\u00e9 au nord-ouest de Montpellier dans l&#8217;H\u00e9rault, le Mas l\u2019Impr\u00e9vu est un petit domaine familial situ\u00e9 au c\u0153ur des Terrasses du Larzac sur la commune de Jonqui\u00e8res, un terroir d\u2019exception alliant la g\u00e9n\u00e9rosit\u00e9 chaleureuse du Languedoc \u00e0 la fra\u00eecheur qui descend du plateau montagneux du Larzac. La propri\u00e9t\u00e9 a \u00e9t\u00e9 acquise par notre a\u00efeul qui&hellip; Read more\" \/>\n<meta property=\"og:url\" content=\"https:\/\/mas-imprevu.fr\/\" \/>\n<meta property=\"og:site_name\" content=\"Mas l&#039;Impr\u00e9vu\" \/>\n<meta property=\"article:modified_time\" content=\"2025-12-12T20:17:22+00:00\" \/>\n<meta property=\"og:image\" content=\"https:\/\/mas-imprevu.fr\/wp-content\/uploads\/2019\/07\/P4191289_178.jpg\" \/>\n\t<meta property=\"og:image:width\" content=\"1000\" \/>\n\t<meta property=\"og:image:height\" content=\"750\" \/>\n\t<meta property=\"og:image:type\" content=\"image\/jpeg\" \/>\n<meta name=\"twitter:card\" content=\"summary_large_image\" \/>\n<meta name=\"twitter:label1\" content=\"Est. reading time\" \/>\n\t<meta name=\"twitter:data1\" content=\"1 minute\" \/>\n<script type=\"application\/ld+json\" class=\"yoast-schema-graph\">{\"@context\":\"https:\\\/\\\/schema.org\",\"@graph\":[{\"@type\":\"WebPage\",\"@id\":\"https:\\\/\\\/mas-imprevu.fr\\\/\",\"url\":\"https:\\\/\\\/mas-imprevu.fr\\\/\",\"name\":\"Le Mas &#060; Mas l&#039;Impr\u00e9vu\",\"isPartOf\":{\"@id\":\"https:\\\/\\\/mas-imprevu.fr\\\/#website\"},\"primaryImageOfPage\":{\"@id\":\"https:\\\/\\\/mas-imprevu.fr\\\/#primaryimage\"},\"image\":{\"@id\":\"https:\\\/\\\/mas-imprevu.fr\\\/#primaryimage\"},\"thumbnailUrl\":\"https:\\\/\\\/mas-imprevu.fr\\\/wp-content\\\/uploads\\\/2019\\\/07\\\/P4191289_178-300x225.jpg\",\"datePublished\":\"2019-07-08T10:48:48+00:00\",\"dateModified\":\"2025-12-12T20:17:22+00:00\",\"breadcrumb\":{\"@id\":\"https:\\\/\\\/mas-imprevu.fr\\\/#breadcrumb\"},\"inLanguage\":\"en-US\",\"potentialAction\":[{\"@type\":\"ReadAction\",\"target\":[\"https:\\\/\\\/mas-imprevu.fr\\\/\"]}]},{\"@type\":\"ImageObject\",\"inLanguage\":\"en-US\",\"@id\":\"https:\\\/\\\/mas-imprevu.fr\\\/#primaryimage\",\"url\":\"https:\\\/\\\/mas-imprevu.fr\\\/wp-content\\\/uploads\\\/2019\\\/07\\\/P4191289_178.jpg\",\"contentUrl\":\"https:\\\/\\\/mas-imprevu.fr\\\/wp-content\\\/uploads\\\/2019\\\/07\\\/P4191289_178.jpg\",\"width\":1000,\"height\":750},{\"@type\":\"BreadcrumbList\",\"@id\":\"https:\\\/\\\/mas-imprevu.fr\\\/#breadcrumb\",\"itemListElement\":[{\"@type\":\"ListItem\",\"position\":1,\"name\":\"Accueil\",\"item\":\"https:\\\/\\\/mas-imprevu.fr\\\/\"},{\"@type\":\"ListItem\",\"position\":2,\"name\":\"Le Mas\"}]},{\"@type\":\"WebSite\",\"@id\":\"https:\\\/\\\/mas-imprevu.fr\\\/#website\",\"url\":\"https:\\\/\\\/mas-imprevu.fr\\\/\",\"name\":\"Mas l'Impr\u00e9vu - Producteur d'huile d'olive\",\"description\":\"Producteur d&#039;huile d&#039;olive\",\"potentialAction\":[{\"@type\":\"SearchAction\",\"target\":{\"@type\":\"EntryPoint\",\"urlTemplate\":\"https:\\\/\\\/mas-imprevu.fr\\\/?s={search_term_string}\"},\"query-input\":{\"@type\":\"PropertyValueSpecification\",\"valueRequired\":true,\"valueName\":\"search_term_string\"}}],\"inLanguage\":\"en-US\"}]}<\/script>\n<!-- \/ Yoast SEO plugin. -->","yoast_head_json":{"title":"Le Mas &#060; Mas l&#039;Impr\u00e9vu","robots":{"index":"index","follow":"follow","max-snippet":"max-snippet:-1","max-image-preview":"max-image-preview:large","max-video-preview":"max-video-preview:-1"},"canonical":"https:\/\/mas-imprevu.fr\/","og_locale":"en_US","og_type":"article","og_title":"Le Mas &#060; Mas l&#039;Impr\u00e9vu","og_description":"Situ\u00e9 au nord-ouest de Montpellier dans l&#8217;H\u00e9rault, le Mas l\u2019Impr\u00e9vu est un petit domaine familial situ\u00e9 au c\u0153ur des Terrasses du Larzac sur la commune de Jonqui\u00e8res, un terroir d\u2019exception alliant la g\u00e9n\u00e9rosit\u00e9 chaleureuse du Languedoc \u00e0 la fra\u00eecheur qui descend du plateau montagneux du Larzac. La propri\u00e9t\u00e9 a \u00e9t\u00e9 acquise par notre a\u00efeul qui&hellip; Read more","og_url":"https:\/\/mas-imprevu.fr\/","og_site_name":"Mas l&#039;Impr\u00e9vu","article_modified_time":"2025-12-12T20:17:22+00:00","og_image":[{"width":1000,"height":750,"url":"https:\/\/mas-imprevu.fr\/wp-content\/uploads\/2019\/07\/P4191289_178.jpg","type":"image\/jpeg"}],"twitter_card":"summary_large_image","twitter_misc":{"Est. reading time":"1 minute"},"schema":{"@context":"https:\/\/schema.org","@graph":[{"@type":"WebPage","@id":"https:\/\/mas-imprevu.fr\/","url":"https:\/\/mas-imprevu.fr\/","name":"Le Mas &#060; Mas l&#039;Impr\u00e9vu","isPartOf":{"@id":"https:\/\/mas-imprevu.fr\/#website"},"primaryImageOfPage":{"@id":"https:\/\/mas-imprevu.fr\/#primaryimage"},"image":{"@id":"https:\/\/mas-imprevu.fr\/#primaryimage"},"thumbnailUrl":"https:\/\/mas-imprevu.fr\/wp-content\/uploads\/2019\/07\/P4191289_178-300x225.jpg","datePublished":"2019-07-08T10:48:48+00:00","dateModified":"2025-12-12T20:17:22+00:00","breadcrumb":{"@id":"https:\/\/mas-imprevu.fr\/#breadcrumb"},"inLanguage":"en-US","potentialAction":[{"@type":"ReadAction","target":["https:\/\/mas-imprevu.fr\/"]}]},{"@type":"ImageObject","inLanguage":"en-US","@id":"https:\/\/mas-imprevu.fr\/#primaryimage","url":"https:\/\/mas-imprevu.fr\/wp-content\/uploads\/2019\/07\/P4191289_178.jpg","contentUrl":"https:\/\/mas-imprevu.fr\/wp-content\/uploads\/2019\/07\/P4191289_178.jpg","width":1000,"height":750},{"@type":"BreadcrumbList","@id":"https:\/\/mas-imprevu.fr\/#breadcrumb","itemListElement":[{"@type":"ListItem","position":1,"name":"Accueil","item":"https:\/\/mas-imprevu.fr\/"},{"@type":"ListItem","position":2,"name":"Le Mas"}]},{"@type":"WebSite","@id":"https:\/\/mas-imprevu.fr\/#website","url":"https:\/\/mas-imprevu.fr\/","name":"Mas l'Impr\u00e9vu - Producteur d'huile d'olive","description":"Producteur d&#039;huile d&#039;olive","potentialAction":[{"@type":"SearchAction","target":{"@type":"EntryPoint","urlTemplate":"https:\/\/mas-imprevu.fr\/?s={search_term_string}"},"query-input":{"@type":"PropertyValueSpecification","valueRequired":true,"valueName":"search_term_string"}}],"inLanguage":"en-US"}]}},"_links":{"self":[{"href":"https:\/\/mas-imprevu.fr\/index.php\/wp-json\/wp\/v2\/pages\/34","targetHints":{"allow":["GET"]}}],"collection":[{"href":"https:\/\/mas-imprevu.fr\/index.php\/wp-json\/wp\/v2\/pages"}],"about":[{"href":"https:\/\/mas-imprevu.fr\/index.php\/wp-json\/wp\/v2\/types\/page"}],"author":[{"embeddable":true,"href":"https:\/\/mas-imprevu.fr\/index.php\/wp-json\/wp\/v2\/users\/1"}],"replies":[{"embeddable":true,"href":"https:\/\/mas-imprevu.fr\/index.php\/wp-json\/wp\/v2\/comments?post=34"}],"version-history":[{"count":72,"href":"https:\/\/mas-imprevu.fr\/index.php\/wp-json\/wp\/v2\/pages\/34\/revisions"}],"predecessor-version":[{"id":556,"href":"https:\/\/mas-imprevu.fr\/index.php\/wp-json\/wp\/v2\/pages\/34\/revisions\/556"}],"wp:attachment":[{"href":"https:\/\/mas-imprevu.fr\/index.php\/wp-json\/wp\/v2\/media?parent=34"}],"curies":[{"name":"wp","href":"https:\/\/api.w.org\/{rel}","templated":true}]}}