{"id":288,"date":"2019-07-29T09:55:01","date_gmt":"2019-07-29T07:55:01","guid":{"rendered":"http:\/\/mas-imprevu.fr\/?page_id=288"},"modified":"2020-11-07T15:39:32","modified_gmt":"2020-11-07T14:39:32","slug":"aux-origines","status":"publish","type":"page","link":"https:\/\/mas-imprevu.fr\/index.php\/aux-origines\/","title":{"rendered":"Aux origines"},"content":{"rendered":"\n<p>L&#8217;histoire de l\u2019olivier est indissociable de celle de l\u2019homme des pays m\u00e9diterran\u00e9ens. Arbre de l\u00e9gende, il a \u00e9t\u00e9 de tout temps au centre des pr\u00e9occupations de la civilisation agraire de ces r\u00e9gions, fournissant nourriture, lumi\u00e8re, cosm\u00e9tiques et m\u00e9dicaments.<br>En France, l&#8217;olivier existe sous sa forme sauvage depuis plus de 14 000 ans comme l&#8217;atteste les pollens et feuilles fossiles retrouv\u00e9s en Provence.<\/p>\n\n\n\n<p>Les derni\u00e8re recherches nous ont appris qu&#8217;il existait trois souches distinctes : une en Afrique du sud, une autre en Asie et la troisi\u00e8me dans le bassin m\u00e9diterran\u00e9en. Les formes cultiv\u00e9es de l\u2019olivier proviennent d&#8217;un brassage de ces trois souches. <\/p>\n\n\n\n<div class=\"wp-block-image\"><figure class=\"alignleft is-resized\"><img loading=\"lazy\" decoding=\"async\" src=\"https:\/\/mas-imprevu.fr\/wp-content\/uploads\/2019\/07\/amphore-197x300.jpg\" alt=\"\" class=\"wp-image-179\" width=\"117\" height=\"179\" srcset=\"https:\/\/mas-imprevu.fr\/wp-content\/uploads\/2019\/07\/amphore-197x300.jpg 197w, https:\/\/mas-imprevu.fr\/wp-content\/uploads\/2019\/07\/amphore.jpg 300w\" sizes=\"auto, (max-width: 117px) 100vw, 117px\" \/><\/figure><\/div>\n\n\n\n<p>Il existe 2 th\u00e9ories se rapportant aux premier cultivateurs. Certains mentionnent la Ph\u00e9nicie (r\u00e9gion du Liban actuel) d&#8217;autres la Cr\u00e8te ou l&#8217;on a retrouv\u00e9 des tablettes de comptes et des amphores mesurant plus de 2 m\u00e8tres de haut datant de 3 500 Av JC .<br>De Gr\u00e8ce, la culture de l&#8217;olivier va se r\u00e9pandre sur le pourtour m\u00e9diterran\u00e9en: \u00c9gypte, Italie, Espagne, Tunisie, Maroc et en France, ou on pense que ce sont les Ph\u00e9niciens qui \u00e9tablirent les premi\u00e8res cultures, vers 500 ans avant J\u00e9sus Christ.<\/p>\n\n\n\n<p>A cette \u00e9poque, l&#8217;olivier est un embl\u00e8me de f\u00e9condit\u00e9, mais aussi un symbole de long\u00e9vit\u00e9, de paix et de gloire. Les vainqueurs des jeux olympiques \u00e9taient couronn\u00e9s d&#8217;une branche d&#8217;olivier.<\/p>\n\n\n\n<p>Pour en savoir plus je vous conseille les lectures de Jean Marie POLESE : Culture de l&#8217;Olivier, l&#8217;Olivier pas \u00e0 pas, aux \u00e9ditions Artemis et Rustica <\/p>\n\n\n<p><!--EndFragment--><\/p>","protected":false},"excerpt":{"rendered":"<p>L&#8217;histoire de l\u2019olivier est indissociable de celle de l\u2019homme des pays m\u00e9diterran\u00e9ens. Arbre de l\u00e9gende, il a \u00e9t\u00e9 de tout temps au centre des pr\u00e9occupations de la civilisation agraire de ces r\u00e9gions, fournissant nourriture, lumi\u00e8re, cosm\u00e9tiques et m\u00e9dicaments.En France, l&#8217;olivier existe sous sa forme sauvage depuis plus de 14 000 ans comme l&#8217;atteste les pollens&hellip; <br \/> <a class=\"button small blue\" href=\"https:\/\/mas-imprevu.fr\/index.php\/aux-origines\/\">Read more<\/a><\/p>\n","protected":false},"author":1,"featured_media":0,"parent":0,"menu_order":0,"comment_status":"closed","ping_status":"closed","template":"","meta":{"footnotes":""},"class_list":["post-288","page","type-page","status-publish","hentry"],"yoast_head":"<!-- This site is optimized with the Yoast SEO plugin v27.5 - https:\/\/yoast.com\/product\/yoast-seo-wordpress\/ -->\n<title>Aux origines &#060; Mas l&#039;Impr\u00e9vu<\/title>\n<meta name=\"robots\" content=\"index, follow, max-snippet:-1, max-image-preview:large, max-video-preview:-1\" \/>\n<link rel=\"canonical\" href=\"https:\/\/mas-imprevu.fr\/index.php\/aux-origines\/\" \/>\n<meta property=\"og:locale\" content=\"en_US\" \/>\n<meta property=\"og:type\" content=\"article\" \/>\n<meta property=\"og:title\" content=\"Aux origines &#060; Mas l&#039;Impr\u00e9vu\" \/>\n<meta property=\"og:description\" content=\"L&#8217;histoire de l\u2019olivier est indissociable de celle de l\u2019homme des pays m\u00e9diterran\u00e9ens. Arbre de l\u00e9gende, il a \u00e9t\u00e9 de tout temps au centre des pr\u00e9occupations de la civilisation agraire de ces r\u00e9gions, fournissant nourriture, lumi\u00e8re, cosm\u00e9tiques et m\u00e9dicaments.En France, l&#8217;olivier existe sous sa forme sauvage depuis plus de 14 000 ans comme l&#8217;atteste les pollens&hellip; Read more\" \/>\n<meta property=\"og:url\" content=\"https:\/\/mas-imprevu.fr\/index.php\/aux-origines\/\" \/>\n<meta property=\"og:site_name\" content=\"Mas l&#039;Impr\u00e9vu\" \/>\n<meta property=\"article:modified_time\" content=\"2020-11-07T14:39:32+00:00\" \/>\n<meta property=\"og:image\" content=\"http:\/\/mas-imprevu.fr\/wp-content\/uploads\/2019\/07\/amphore-197x300.jpg\" \/>\n<meta name=\"twitter:card\" content=\"summary_large_image\" \/>\n<meta name=\"twitter:label1\" content=\"Est. reading time\" \/>\n\t<meta name=\"twitter:data1\" content=\"1 minute\" \/>\n<script type=\"application\/ld+json\" class=\"yoast-schema-graph\">{\"@context\":\"https:\\\/\\\/schema.org\",\"@graph\":[{\"@type\":\"WebPage\",\"@id\":\"https:\\\/\\\/mas-imprevu.fr\\\/index.php\\\/aux-origines\\\/\",\"url\":\"https:\\\/\\\/mas-imprevu.fr\\\/index.php\\\/aux-origines\\\/\",\"name\":\"Aux origines &#060; Mas l&#039;Impr\u00e9vu\",\"isPartOf\":{\"@id\":\"https:\\\/\\\/mas-imprevu.fr\\\/#website\"},\"primaryImageOfPage\":{\"@id\":\"https:\\\/\\\/mas-imprevu.fr\\\/index.php\\\/aux-origines\\\/#primaryimage\"},\"image\":{\"@id\":\"https:\\\/\\\/mas-imprevu.fr\\\/index.php\\\/aux-origines\\\/#primaryimage\"},\"thumbnailUrl\":\"http:\\\/\\\/mas-imprevu.fr\\\/wp-content\\\/uploads\\\/2019\\\/07\\\/amphore-197x300.jpg\",\"datePublished\":\"2019-07-29T07:55:01+00:00\",\"dateModified\":\"2020-11-07T14:39:32+00:00\",\"breadcrumb\":{\"@id\":\"https:\\\/\\\/mas-imprevu.fr\\\/index.php\\\/aux-origines\\\/#breadcrumb\"},\"inLanguage\":\"en-US\",\"potentialAction\":[{\"@type\":\"ReadAction\",\"target\":[\"https:\\\/\\\/mas-imprevu.fr\\\/index.php\\\/aux-origines\\\/\"]}]},{\"@type\":\"ImageObject\",\"inLanguage\":\"en-US\",\"@id\":\"https:\\\/\\\/mas-imprevu.fr\\\/index.php\\\/aux-origines\\\/#primaryimage\",\"url\":\"https:\\\/\\\/mas-imprevu.fr\\\/wp-content\\\/uploads\\\/2019\\\/07\\\/amphore.jpg\",\"contentUrl\":\"https:\\\/\\\/mas-imprevu.fr\\\/wp-content\\\/uploads\\\/2019\\\/07\\\/amphore.jpg\",\"width\":300,\"height\":457},{\"@type\":\"BreadcrumbList\",\"@id\":\"https:\\\/\\\/mas-imprevu.fr\\\/index.php\\\/aux-origines\\\/#breadcrumb\",\"itemListElement\":[{\"@type\":\"ListItem\",\"position\":1,\"name\":\"Accueil\",\"item\":\"https:\\\/\\\/mas-imprevu.fr\\\/\"},{\"@type\":\"ListItem\",\"position\":2,\"name\":\"Aux origines\"}]},{\"@type\":\"WebSite\",\"@id\":\"https:\\\/\\\/mas-imprevu.fr\\\/#website\",\"url\":\"https:\\\/\\\/mas-imprevu.fr\\\/\",\"name\":\"Mas l'Impr\u00e9vu - Producteur d'huile d'olive\",\"description\":\"Producteur d&#039;huile d&#039;olive\",\"potentialAction\":[{\"@type\":\"SearchAction\",\"target\":{\"@type\":\"EntryPoint\",\"urlTemplate\":\"https:\\\/\\\/mas-imprevu.fr\\\/?s={search_term_string}\"},\"query-input\":{\"@type\":\"PropertyValueSpecification\",\"valueRequired\":true,\"valueName\":\"search_term_string\"}}],\"inLanguage\":\"en-US\"}]}<\/script>\n<!-- \/ Yoast SEO plugin. -->","yoast_head_json":{"title":"Aux origines &#060; Mas l&#039;Impr\u00e9vu","robots":{"index":"index","follow":"follow","max-snippet":"max-snippet:-1","max-image-preview":"max-image-preview:large","max-video-preview":"max-video-preview:-1"},"canonical":"https:\/\/mas-imprevu.fr\/index.php\/aux-origines\/","og_locale":"en_US","og_type":"article","og_title":"Aux origines &#060; Mas l&#039;Impr\u00e9vu","og_description":"L&#8217;histoire de l\u2019olivier est indissociable de celle de l\u2019homme des pays m\u00e9diterran\u00e9ens. Arbre de l\u00e9gende, il a \u00e9t\u00e9 de tout temps au centre des pr\u00e9occupations de la civilisation agraire de ces r\u00e9gions, fournissant nourriture, lumi\u00e8re, cosm\u00e9tiques et m\u00e9dicaments.En France, l&#8217;olivier existe sous sa forme sauvage depuis plus de 14 000 ans comme l&#8217;atteste les pollens&hellip; Read more","og_url":"https:\/\/mas-imprevu.fr\/index.php\/aux-origines\/","og_site_name":"Mas l&#039;Impr\u00e9vu","article_modified_time":"2020-11-07T14:39:32+00:00","og_image":[{"url":"http:\/\/mas-imprevu.fr\/wp-content\/uploads\/2019\/07\/amphore-197x300.jpg","type":"","width":"","height":""}],"twitter_card":"summary_large_image","twitter_misc":{"Est. reading time":"1 minute"},"schema":{"@context":"https:\/\/schema.org","@graph":[{"@type":"WebPage","@id":"https:\/\/mas-imprevu.fr\/index.php\/aux-origines\/","url":"https:\/\/mas-imprevu.fr\/index.php\/aux-origines\/","name":"Aux origines &#060; Mas l&#039;Impr\u00e9vu","isPartOf":{"@id":"https:\/\/mas-imprevu.fr\/#website"},"primaryImageOfPage":{"@id":"https:\/\/mas-imprevu.fr\/index.php\/aux-origines\/#primaryimage"},"image":{"@id":"https:\/\/mas-imprevu.fr\/index.php\/aux-origines\/#primaryimage"},"thumbnailUrl":"http:\/\/mas-imprevu.fr\/wp-content\/uploads\/2019\/07\/amphore-197x300.jpg","datePublished":"2019-07-29T07:55:01+00:00","dateModified":"2020-11-07T14:39:32+00:00","breadcrumb":{"@id":"https:\/\/mas-imprevu.fr\/index.php\/aux-origines\/#breadcrumb"},"inLanguage":"en-US","potentialAction":[{"@type":"ReadAction","target":["https:\/\/mas-imprevu.fr\/index.php\/aux-origines\/"]}]},{"@type":"ImageObject","inLanguage":"en-US","@id":"https:\/\/mas-imprevu.fr\/index.php\/aux-origines\/#primaryimage","url":"https:\/\/mas-imprevu.fr\/wp-content\/uploads\/2019\/07\/amphore.jpg","contentUrl":"https:\/\/mas-imprevu.fr\/wp-content\/uploads\/2019\/07\/amphore.jpg","width":300,"height":457},{"@type":"BreadcrumbList","@id":"https:\/\/mas-imprevu.fr\/index.php\/aux-origines\/#breadcrumb","itemListElement":[{"@type":"ListItem","position":1,"name":"Accueil","item":"https:\/\/mas-imprevu.fr\/"},{"@type":"ListItem","position":2,"name":"Aux origines"}]},{"@type":"WebSite","@id":"https:\/\/mas-imprevu.fr\/#website","url":"https:\/\/mas-imprevu.fr\/","name":"Mas l'Impr\u00e9vu - Producteur d'huile d'olive","description":"Producteur d&#039;huile d&#039;olive","potentialAction":[{"@type":"SearchAction","target":{"@type":"EntryPoint","urlTemplate":"https:\/\/mas-imprevu.fr\/?s={search_term_string}"},"query-input":{"@type":"PropertyValueSpecification","valueRequired":true,"valueName":"search_term_string"}}],"inLanguage":"en-US"}]}},"_links":{"self":[{"href":"https:\/\/mas-imprevu.fr\/index.php\/wp-json\/wp\/v2\/pages\/288","targetHints":{"allow":["GET"]}}],"collection":[{"href":"https:\/\/mas-imprevu.fr\/index.php\/wp-json\/wp\/v2\/pages"}],"about":[{"href":"https:\/\/mas-imprevu.fr\/index.php\/wp-json\/wp\/v2\/types\/page"}],"author":[{"embeddable":true,"href":"https:\/\/mas-imprevu.fr\/index.php\/wp-json\/wp\/v2\/users\/1"}],"replies":[{"embeddable":true,"href":"https:\/\/mas-imprevu.fr\/index.php\/wp-json\/wp\/v2\/comments?post=288"}],"version-history":[{"count":8,"href":"https:\/\/mas-imprevu.fr\/index.php\/wp-json\/wp\/v2\/pages\/288\/revisions"}],"predecessor-version":[{"id":383,"href":"https:\/\/mas-imprevu.fr\/index.php\/wp-json\/wp\/v2\/pages\/288\/revisions\/383"}],"wp:attachment":[{"href":"https:\/\/mas-imprevu.fr\/index.php\/wp-json\/wp\/v2\/media?parent=288"}],"curies":[{"name":"wp","href":"https:\/\/api.w.org\/{rel}","templated":true}]}}